{"id":8,"date":"2014-09-04T12:41:57","date_gmt":"2014-09-04T10:41:57","guid":{"rendered":"http:\/\/www.marketingsemplice.it\/blog\/?page_id=8"},"modified":"2018-10-12T16:56:11","modified_gmt":"2018-10-12T14:56:11","slug":"chi-sono-francesco-bersani","status":"publish","type":"page","link":"https:\/\/www.marketingsemplice.it\/blog\/chi-sono-francesco-bersani\/","title":{"rendered":"Chi Sono"},"content":{"rendered":"<p><a style=\"float: left; margin-right: 20px;\" href=\"http:\/\/www.marketingsemplice.it\/blog\/wp-content\/uploads\/2014\/09\/img_bersani.png\"><img decoding=\"async\" loading=\"lazy\" class=\"alignnone size-thumbnail wp-image-13\" src=\"http:\/\/www.marketingsemplice.it\/blog\/wp-content\/uploads\/2014\/09\/img_bersani-150x150.png\" alt=\"Francesco Bersani\" width=\"150\" height=\"150\" srcset=\"https:\/\/www.marketingsemplice.it\/blog\/wp-content\/uploads\/2014\/09\/img_bersani-150x150.png 150w, https:\/\/www.marketingsemplice.it\/blog\/wp-content\/uploads\/2014\/09\/img_bersani-1x1.png 1w\" sizes=\"(max-width: 150px) 100vw, 150px\" \/><\/a>Sono\u00a0<strong>Francesco Bersani<\/strong>, autore del libro \u201cI Segreti del Web Marketing Immobiliare\u201d edito da Franco Angeli. Dal 2001 lavoro con il web, aiutando le imprese ad andare online nel modo pi\u00f9 efficiente ed efficace possibile, per aumentare visibilit\u00e0 e clienti.<\/p>\n<p>Dal 2010 mi occupo anche di formazione, <strong>condividedo<\/strong> le esperienze sul campo con gli imprenditori, tramite corsi di formazione, libri, video corsi e coaching.<\/p>\n<p>Lo scopo di questo Blog \u00e8 aiutare\u00a0imprenditori e liberi professionisti a conoscere e sfruttare i grandi vantaggi del marketing in maniera semplice, cercando di andare il pi\u00f9 possibile al nocciolo della questione,\u00a0senza troppi tecnicismi o strategie complicate.<\/p>\n<p>Sono convinto del fatto che gli imprenditori debbano diventare, a loro modo, degli esperti di marketing perch\u00e9, l&#8217;attivit\u00e0 pi\u00f9 importante per una azienda \u00e8 conquistare e mantenere clienti, obiettivo che puoi raggiungere solo se fai le giuste scelte di marketing.<\/p>\n<p>La mia MISSION \u00e8 racchiusa in questa frase:<\/p>\n<blockquote><p>Permettere agli\u00a0imprenditori\u00a0di capire in prima persona come funziona il marketing (soprattutto online) per integrarlo nella vita quotidiana dell&#8217;azienda\u00a0ed ottenere risultati concreti: <strong>aumentare le vendite<\/strong> ed il <strong>fatturato<\/strong>.<\/p><\/blockquote>\n<p>Con il mio team\u00a0realizzo campagne di marketing online per testarne in prima persona l\u2019efficacia e sviluppare sempre strategie innovative per acquisire clienti, per poi trasmettere tutto il know-how a collaboratori e studenti nei corsi di formazione.<\/p>\n<p>GUARDA I MIEI INTERVENTI ED\u00a0INTERVISTE<\/p>\n<p><strong>[Italian Social Banking Forum]<\/strong><\/p>\n<p><iframe loading=\"lazy\" src=\"https:\/\/player.vimeo.com\/video\/192862009\" width=\"640\" height=\"360\" frameborder=\"0\" allowfullscreen=\"allowfullscreen\"><\/iframe><\/p>\n<p><strong>[Festival del Podcasting]<\/strong><\/p>\n<p><iframe loading=\"lazy\" src=\"https:\/\/www.youtube.com\/embed\/_pz2VibGOG0?rel=0&amp;controls=0&amp;showinfo=0\" width=\"640\" height=\"360\" frameborder=\"0\" allowfullscreen=\"allowfullscreen\"><\/iframe><\/p>\n<p><strong>[Italian Indie]<\/strong><\/p>\n<p><iframe loading=\"lazy\" src=\"https:\/\/www.youtube.com\/embed\/-vjkHqj9weg?rel=0&amp;controls=0&amp;showinfo=0\" width=\"640\" height=\"360\" frameborder=\"0\" allowfullscreen=\"allowfullscreen\"><\/iframe><\/p>\n<p>SE VUOI CONTATTARMI&#8230;<\/p>\n<p>Email: <a href=\"mailto:info@marketingsemplice.it\"> info@marketingsemplice.it<br \/>\n<\/a><\/p>\n<p>Facebook: <a title=\"www.facebook.com\/bersani.francesco\" href=\"http:\/\/www.facebook.com\/bersani.francesco\">www.facebook.com\/bersani.francesco<\/a><\/p>\n<p>Linkedin: <a title=\"it.linkedin.com\/in\/frabers\" href=\"http:\/\/it.linkedin.com\/in\/frabers\">http:\/\/it.linkedin.com\/in\/frabers<\/a><\/p>\n<p>&nbsp;<\/p>\n","protected":false},"excerpt":{"rendered":"<p>Sono\u00a0Francesco Bersani, autore del libro \u201cI Segreti del Web Marketing Immobiliare\u201d edito da Franco Angeli. Dal 2001 lavoro con il web, aiutando le imprese ad andare online nel modo pi\u00f9 efficiente ed efficace possibile, per aumentare visibilit\u00e0 e clienti. Dal 2010 mi occupo anche di formazione, condividedo le esperienze sul campo con gli imprenditori, tramite [&hellip;]<\/p>\n","protected":false},"author":1,"featured_media":0,"parent":0,"menu_order":0,"comment_status":"open","ping_status":"open","template":"","meta":[],"aioseo_notices":[],"_links":{"self":[{"href":"https:\/\/www.marketingsemplice.it\/blog\/wp-json\/wp\/v2\/pages\/8"}],"collection":[{"href":"https:\/\/www.marketingsemplice.it\/blog\/wp-json\/wp\/v2\/pages"}],"about":[{"href":"https:\/\/www.marketingsemplice.it\/blog\/wp-json\/wp\/v2\/types\/page"}],"author":[{"embeddable":true,"href":"https:\/\/www.marketingsemplice.it\/blog\/wp-json\/wp\/v2\/users\/1"}],"replies":[{"embeddable":true,"href":"https:\/\/www.marketingsemplice.it\/blog\/wp-json\/wp\/v2\/comments?post=8"}],"version-history":[{"count":27,"href":"https:\/\/www.marketingsemplice.it\/blog\/wp-json\/wp\/v2\/pages\/8\/revisions"}],"predecessor-version":[{"id":927,"href":"https:\/\/www.marketingsemplice.it\/blog\/wp-json\/wp\/v2\/pages\/8\/revisions\/927"}],"wp:attachment":[{"href":"https:\/\/www.marketingsemplice.it\/blog\/wp-json\/wp\/v2\/media?parent=8"}],"curies":[{"name":"wp","href":"https:\/\/api.w.org\/{rel}","templated":true}]}}